{"id":2,"date":"2026-03-16T11:39:24","date_gmt":"2026-03-16T09:39:24","guid":{"rendered":"https:\/\/aikamoista.fi\/?page_id=2"},"modified":"2026-03-16T12:34:43","modified_gmt":"2026-03-16T10:34:43","slug":"esimerkkisivu","status":"publish","type":"page","link":"https:\/\/aikamoista.fi\/esimerkkisivu\/","title":{"rendered":"Mik\u00e4?"},"content":{"rendered":"\n<p>T\u00e4lle sivustolle ker\u00e4t\u00e4\u00e4n tekoh\u00e4lyk\u00e4st\u00e4 tutkimusta ja uutisointia p\u00f6hin\u00e4n keskelt\u00e4.<\/p>\n\n\n\n<blockquote class=\"wp-block-quote is-layout-flow wp-block-quote-is-layout-flow\">\n<p>&#8221;Suomen paras p\u00f6hin\u00e4kampa! Hiukseni ovat jo kuohkeammat!&#8221; <br>\u2013 iloinen lukija<\/p>\n<\/blockquote>\n\n\n\n<p>Sivustosta vastaa Blueskyssa toimiva <a href=\"https:\/\/bsky.app\/profile\/mervaala.bsky.social\">tutkija<\/a>.<\/p>\n\n\n\n<blockquote class=\"wp-block-quote is-layout-flow wp-block-quote-is-layout-flow\">\n<p>&#8221;Luulin voivani el\u00e4\u00e4 ilman AIkamoista, mutta sitten tajusin, ett\u00e4 niin voinkin! Aikamoista!&#8221;<br>\u2013 el\u00e4m\u00e4nilonsa l\u00f6yt\u00e4nyt lukija<\/p>\n<\/blockquote>\n\n\n\n<p><\/p>\n\n\n\n<p><\/p>\n","protected":false},"excerpt":{"rendered":"<p>T\u00e4lle sivustolle ker\u00e4t\u00e4\u00e4n tekoh\u00e4lyk\u00e4st\u00e4 tutkimusta ja uutisointia p\u00f6hin\u00e4n keskelt\u00e4. &#8221;Suomen paras p\u00f6hin\u00e4kampa! Hiukseni ovat jo kuohkeammat!&#8221; \u2013 iloinen lukija Sivustosta vastaa Blueskyssa toimiva tutkija. &#8221;Luulin voivani el\u00e4\u00e4 ilman AIkamoista, mutta sitten tajusin, ett\u00e4 niin voinkin! Aikamoista!&#8221;\u2013 el\u00e4m\u00e4nilonsa l\u00f6yt\u00e4nyt lukija<\/p>\n","protected":false},"author":1,"featured_media":0,"parent":0,"menu_order":0,"comment_status":"closed","ping_status":"open","template":"","meta":{"footnotes":""},"class_list":["post-2","page","type-page","status-publish","hentry"],"_links":{"self":[{"href":"https:\/\/aikamoista.fi\/wp-json\/wp\/v2\/pages\/2","targetHints":{"allow":["GET"]}}],"collection":[{"href":"https:\/\/aikamoista.fi\/wp-json\/wp\/v2\/pages"}],"about":[{"href":"https:\/\/aikamoista.fi\/wp-json\/wp\/v2\/types\/page"}],"author":[{"embeddable":true,"href":"https:\/\/aikamoista.fi\/wp-json\/wp\/v2\/users\/1"}],"replies":[{"embeddable":true,"href":"https:\/\/aikamoista.fi\/wp-json\/wp\/v2\/comments?post=2"}],"version-history":[{"count":4,"href":"https:\/\/aikamoista.fi\/wp-json\/wp\/v2\/pages\/2\/revisions"}],"predecessor-version":[{"id":118,"href":"https:\/\/aikamoista.fi\/wp-json\/wp\/v2\/pages\/2\/revisions\/118"}],"wp:attachment":[{"href":"https:\/\/aikamoista.fi\/wp-json\/wp\/v2\/media?parent=2"}],"curies":[{"name":"wp","href":"https:\/\/api.w.org\/{rel}","templated":true}]}}